{"id":28,"date":"2025-09-13T14:44:43","date_gmt":"2025-09-13T14:44:43","guid":{"rendered":"https:\/\/fogeka-rdc.org\/?page_id=28"},"modified":"2025-09-16T10:07:02","modified_gmt":"2025-09-16T10:07:02","slug":"accueil","status":"publish","type":"page","link":"https:\/\/fogeka-rdc.org\/","title":{"rendered":"Accueil"},"content":{"rendered":"\n<div class=\"wp-block-uagb-container uagb-block-1e8cb6be alignfull uagb-is-root-container\"><div class=\"uagb-container-inner-blocks-wrap\"><\/div><\/div>\n","protected":false},"excerpt":{"rendered":"","protected":false},"author":1,"featured_media":0,"parent":0,"menu_order":0,"comment_status":"closed","ping_status":"closed","template":"","meta":{"footnotes":""},"class_list":["post-28","page","type-page","status-publish","hentry"],"yoast_head":"<!-- This site is optimized with the Yoast SEO plugin v27.6 - https:\/\/yoast.com\/product\/yoast-seo-wordpress\/ -->\n<title>Accueil - fogeka-rdc<\/title>\n<meta name=\"description\" content=\"FOGEKA, est un acteur engag\u00e9 depuis 10 ans pour un avenir durable. Au c\u0153ur de nos priorit\u00e9s : le reboisement d\u2019un milliard d\u2019arbres. Nos \u00e9quipes expertes m\u00e8nent des programmes ambitieux de plantation et de r\u00e9g\u00e9n\u00e9ration des for\u00eats, dans le but de lutter contre la d\u00e9forestation et le changement climatique.\" \/>\n<meta name=\"robots\" content=\"index, follow, max-snippet:-1, max-image-preview:large, max-video-preview:-1\" \/>\n<link rel=\"canonical\" href=\"https:\/\/fogeka-rdc.org\/\" \/>\n<meta property=\"og:locale\" content=\"fr_FR\" \/>\n<meta property=\"og:type\" content=\"article\" \/>\n<meta property=\"og:title\" content=\"Accueil - fogeka-rdc\" \/>\n<meta property=\"og:description\" content=\"FOGEKA, est un acteur engag\u00e9 depuis 10 ans pour un avenir durable. Au c\u0153ur de nos priorit\u00e9s : le reboisement d\u2019un milliard d\u2019arbres. Nos \u00e9quipes expertes m\u00e8nent des programmes ambitieux de plantation et de r\u00e9g\u00e9n\u00e9ration des for\u00eats, dans le but de lutter contre la d\u00e9forestation et le changement climatique.\" \/>\n<meta property=\"og:url\" content=\"https:\/\/fogeka-rdc.org\/\" \/>\n<meta property=\"og:site_name\" content=\"fogeka-rdc\" \/>\n<meta property=\"article:modified_time\" content=\"2025-09-16T10:07:02+00:00\" \/>\n<meta name=\"twitter:card\" content=\"summary_large_image\" \/>\n<script type=\"application\/ld+json\" class=\"yoast-schema-graph\">{\"@context\":\"https:\\\/\\\/schema.org\",\"@graph\":[{\"@type\":\"WebPage\",\"@id\":\"https:\\\/\\\/fogeka-rdc.org\\\/\",\"url\":\"https:\\\/\\\/fogeka-rdc.org\\\/\",\"name\":\"Accueil - fogeka-rdc\",\"isPartOf\":{\"@id\":\"https:\\\/\\\/fogeka-rdc.org\\\/#website\"},\"datePublished\":\"2025-09-13T14:44:43+00:00\",\"dateModified\":\"2025-09-16T10:07:02+00:00\",\"description\":\"FOGEKA, est un acteur engag\u00e9 depuis 10 ans pour un avenir durable. Au c\u0153ur de nos priorit\u00e9s : le reboisement d\u2019un milliard d\u2019arbres. Nos \u00e9quipes expertes m\u00e8nent des programmes ambitieux de plantation et de r\u00e9g\u00e9n\u00e9ration des for\u00eats, dans le but de lutter contre la d\u00e9forestation et le changement climatique.\",\"breadcrumb\":{\"@id\":\"https:\\\/\\\/fogeka-rdc.org\\\/#breadcrumb\"},\"inLanguage\":\"fr-FR\",\"potentialAction\":[{\"@type\":\"ReadAction\",\"target\":[\"https:\\\/\\\/fogeka-rdc.org\\\/\"]}]},{\"@type\":\"BreadcrumbList\",\"@id\":\"https:\\\/\\\/fogeka-rdc.org\\\/#breadcrumb\",\"itemListElement\":[{\"@type\":\"ListItem\",\"position\":1,\"name\":\"Accueil\",\"item\":\"https:\\\/\\\/fogeka-rdc.org\\\/\"},{\"@type\":\"ListItem\",\"position\":2,\"name\":\"Accueil\"}]},{\"@type\":\"WebSite\",\"@id\":\"https:\\\/\\\/fogeka-rdc.org\\\/#website\",\"url\":\"https:\\\/\\\/fogeka-rdc.org\\\/\",\"name\":\"fogeka-rdc\",\"description\":\"Agro foresterie, dans la paix, pour le d\u00e9veloppement\",\"publisher\":{\"@id\":\"https:\\\/\\\/fogeka-rdc.org\\\/#organization\"},\"potentialAction\":[{\"@type\":\"SearchAction\",\"target\":{\"@type\":\"EntryPoint\",\"urlTemplate\":\"https:\\\/\\\/fogeka-rdc.org\\\/?s={search_term_string}\"},\"query-input\":{\"@type\":\"PropertyValueSpecification\",\"valueRequired\":true,\"valueName\":\"search_term_string\"}}],\"inLanguage\":\"fr-FR\"},{\"@type\":\"Organization\",\"@id\":\"https:\\\/\\\/fogeka-rdc.org\\\/#organization\",\"name\":\"fogeka-rdc\",\"url\":\"https:\\\/\\\/fogeka-rdc.org\\\/\",\"logo\":{\"@type\":\"ImageObject\",\"inLanguage\":\"fr-FR\",\"@id\":\"https:\\\/\\\/fogeka-rdc.org\\\/#\\\/schema\\\/logo\\\/image\\\/\",\"url\":\"https:\\\/\\\/fogeka-rdc.org\\\/wp-content\\\/uploads\\\/2025\\\/09\\\/cropped-cropped-WhatsApp-Image-2025-09-12-at-23.09.05.jpeg\",\"contentUrl\":\"https:\\\/\\\/fogeka-rdc.org\\\/wp-content\\\/uploads\\\/2025\\\/09\\\/cropped-cropped-WhatsApp-Image-2025-09-12-at-23.09.05.jpeg\",\"width\":250,\"height\":134,\"caption\":\"fogeka-rdc\"},\"image\":{\"@id\":\"https:\\\/\\\/fogeka-rdc.org\\\/#\\\/schema\\\/logo\\\/image\\\/\"}}]}<\/script>\n<!-- \/ Yoast SEO plugin. -->","yoast_head_json":{"title":"Accueil - fogeka-rdc","description":"FOGEKA, est un acteur engag\u00e9 depuis 10 ans pour un avenir durable. Au c\u0153ur de nos priorit\u00e9s : le reboisement d\u2019un milliard d\u2019arbres. Nos \u00e9quipes expertes m\u00e8nent des programmes ambitieux de plantation et de r\u00e9g\u00e9n\u00e9ration des for\u00eats, dans le but de lutter contre la d\u00e9forestation et le changement climatique.","robots":{"index":"index","follow":"follow","max-snippet":"max-snippet:-1","max-image-preview":"max-image-preview:large","max-video-preview":"max-video-preview:-1"},"canonical":"https:\/\/fogeka-rdc.org\/","og_locale":"fr_FR","og_type":"article","og_title":"Accueil - fogeka-rdc","og_description":"FOGEKA, est un acteur engag\u00e9 depuis 10 ans pour un avenir durable. Au c\u0153ur de nos priorit\u00e9s : le reboisement d\u2019un milliard d\u2019arbres. Nos \u00e9quipes expertes m\u00e8nent des programmes ambitieux de plantation et de r\u00e9g\u00e9n\u00e9ration des for\u00eats, dans le but de lutter contre la d\u00e9forestation et le changement climatique.","og_url":"https:\/\/fogeka-rdc.org\/","og_site_name":"fogeka-rdc","article_modified_time":"2025-09-16T10:07:02+00:00","twitter_card":"summary_large_image","schema":{"@context":"https:\/\/schema.org","@graph":[{"@type":"WebPage","@id":"https:\/\/fogeka-rdc.org\/","url":"https:\/\/fogeka-rdc.org\/","name":"Accueil - fogeka-rdc","isPartOf":{"@id":"https:\/\/fogeka-rdc.org\/#website"},"datePublished":"2025-09-13T14:44:43+00:00","dateModified":"2025-09-16T10:07:02+00:00","description":"FOGEKA, est un acteur engag\u00e9 depuis 10 ans pour un avenir durable. Au c\u0153ur de nos priorit\u00e9s : le reboisement d\u2019un milliard d\u2019arbres. Nos \u00e9quipes expertes m\u00e8nent des programmes ambitieux de plantation et de r\u00e9g\u00e9n\u00e9ration des for\u00eats, dans le but de lutter contre la d\u00e9forestation et le changement climatique.","breadcrumb":{"@id":"https:\/\/fogeka-rdc.org\/#breadcrumb"},"inLanguage":"fr-FR","potentialAction":[{"@type":"ReadAction","target":["https:\/\/fogeka-rdc.org\/"]}]},{"@type":"BreadcrumbList","@id":"https:\/\/fogeka-rdc.org\/#breadcrumb","itemListElement":[{"@type":"ListItem","position":1,"name":"Accueil","item":"https:\/\/fogeka-rdc.org\/"},{"@type":"ListItem","position":2,"name":"Accueil"}]},{"@type":"WebSite","@id":"https:\/\/fogeka-rdc.org\/#website","url":"https:\/\/fogeka-rdc.org\/","name":"fogeka-rdc","description":"Agro foresterie, dans la paix, pour le d\u00e9veloppement","publisher":{"@id":"https:\/\/fogeka-rdc.org\/#organization"},"potentialAction":[{"@type":"SearchAction","target":{"@type":"EntryPoint","urlTemplate":"https:\/\/fogeka-rdc.org\/?s={search_term_string}"},"query-input":{"@type":"PropertyValueSpecification","valueRequired":true,"valueName":"search_term_string"}}],"inLanguage":"fr-FR"},{"@type":"Organization","@id":"https:\/\/fogeka-rdc.org\/#organization","name":"fogeka-rdc","url":"https:\/\/fogeka-rdc.org\/","logo":{"@type":"ImageObject","inLanguage":"fr-FR","@id":"https:\/\/fogeka-rdc.org\/#\/schema\/logo\/image\/","url":"https:\/\/fogeka-rdc.org\/wp-content\/uploads\/2025\/09\/cropped-cropped-WhatsApp-Image-2025-09-12-at-23.09.05.jpeg","contentUrl":"https:\/\/fogeka-rdc.org\/wp-content\/uploads\/2025\/09\/cropped-cropped-WhatsApp-Image-2025-09-12-at-23.09.05.jpeg","width":250,"height":134,"caption":"fogeka-rdc"},"image":{"@id":"https:\/\/fogeka-rdc.org\/#\/schema\/logo\/image\/"}}]}},"_links":{"self":[{"href":"https:\/\/fogeka-rdc.org\/index.php\/wp-json\/wp\/v2\/pages\/28","targetHints":{"allow":["GET"]}}],"collection":[{"href":"https:\/\/fogeka-rdc.org\/index.php\/wp-json\/wp\/v2\/pages"}],"about":[{"href":"https:\/\/fogeka-rdc.org\/index.php\/wp-json\/wp\/v2\/types\/page"}],"author":[{"embeddable":true,"href":"https:\/\/fogeka-rdc.org\/index.php\/wp-json\/wp\/v2\/users\/1"}],"replies":[{"embeddable":true,"href":"https:\/\/fogeka-rdc.org\/index.php\/wp-json\/wp\/v2\/comments?post=28"}],"version-history":[{"count":4,"href":"https:\/\/fogeka-rdc.org\/index.php\/wp-json\/wp\/v2\/pages\/28\/revisions"}],"predecessor-version":[{"id":377,"href":"https:\/\/fogeka-rdc.org\/index.php\/wp-json\/wp\/v2\/pages\/28\/revisions\/377"}],"wp:attachment":[{"href":"https:\/\/fogeka-rdc.org\/index.php\/wp-json\/wp\/v2\/media?parent=28"}],"curies":[{"name":"wp","href":"https:\/\/api.w.org\/{rel}","templated":true}]}}